{"id":769,"date":"2021-02-20T19:09:52","date_gmt":"2021-02-20T19:09:52","guid":{"rendered":"https:\/\/koronet.cz\/?page_id=769"},"modified":"2021-02-20T19:15:21","modified_gmt":"2021-02-20T19:15:21","slug":"reklamacni-rad","status":"publish","type":"page","link":"https:\/\/koronet.cz\/en\/reklamacni-rad\/","title":{"rendered":"Reklama\u010dn\u00ed \u0159\u00e1d"},"content":{"rendered":"<div data-elementor-type=\"wp-page\" data-elementor-id=\"769\" class=\"elementor elementor-769\" data-elementor-settings=\"[]\">\n\t\t\t\t\t\t<div class=\"elementor-inner\">\n\t\t\t\t\t\t\t<div class=\"elementor-section-wrap\">\n\t\t\t\t\t\t\t<section class=\"elementor-section elementor-top-section elementor-element elementor-element-26f3519e elementor-section-content-middle elementor-section-height-min-height elementor-section-boxed elementor-section-height-default elementor-section-items-middle\" data-id=\"26f3519e\" data-element_type=\"section\" data-settings=\"{&quot;background_background&quot;:&quot;classic&quot;}\">\n\t\t\t\t\t\t\t<div class=\"elementor-background-overlay\"><\/div>\n\t\t\t\t\t\t\t<div class=\"elementor-container elementor-column-gap-extended\">\n\t\t\t\t\t\t\t<div class=\"elementor-row\">\n\t\t\t\t\t<div class=\"elementor-column elementor-col-100 elementor-top-column elementor-element elementor-element-37846596\" data-id=\"37846596\" data-element_type=\"column\">\n\t\t\t<div class=\"elementor-column-wrap elementor-element-populated\">\n\t\t\t\t\t\t\t<div class=\"elementor-widget-wrap\">\n\t\t\t\t\t\t<div class=\"elementor-element elementor-element-f033094 animated-slow elementor-widget-divider--view-line elementor-invisible elementor-widget elementor-widget-divider\" data-id=\"f033094\" data-element_type=\"widget\" data-settings=\"{&quot;_animation&quot;:&quot;fadeIn&quot;,&quot;_animation_delay&quot;:1200}\" data-widget_type=\"divider.default\">\n\t\t\t\t<div class=\"elementor-widget-container\">\n\t\t\t\t\t<div class=\"elementor-divider\">\n\t\t\t<span class=\"elementor-divider-separator\">\n\t\t\t\t\t\t<\/span>\n\t\t<\/div>\n\t\t\t\t<\/div>\n\t\t\t\t<\/div>\n\t\t\t\t<section class=\"elementor-section elementor-inner-section elementor-element elementor-element-1bc3512c elementor-section-content-middle animated-slow elementor-section-boxed elementor-section-height-default elementor-section-height-default elementor-invisible\" data-id=\"1bc3512c\" data-element_type=\"section\" data-settings=\"{&quot;animation&quot;:&quot;fadeIn&quot;,&quot;animation_delay&quot;:600}\">\n\t\t\t\t\t\t<div class=\"elementor-container elementor-column-gap-no\">\n\t\t\t\t\t\t\t<div class=\"elementor-row\">\n\t\t\t\t\t<div class=\"elementor-column elementor-col-33 elementor-inner-column elementor-element elementor-element-36a669dc\" data-id=\"36a669dc\" data-element_type=\"column\">\n\t\t\t<div class=\"elementor-column-wrap elementor-element-populated\">\n\t\t\t\t\t\t\t<div class=\"elementor-widget-wrap\">\n\t\t\t\t\t\t<div class=\"elementor-element elementor-element-2446bf30 elementor-widget elementor-widget-text-editor\" data-id=\"2446bf30\" data-element_type=\"widget\" data-widget_type=\"text-editor.default\">\n\t\t\t\t<div class=\"elementor-widget-container\">\n\t\t\t\t\t<div class=\"elementor-text-editor elementor-clearfix\"><p>FOUNDED IN PRAGUE 1995<\/p><\/div>\n\t\t\t\t<\/div>\n\t\t\t\t<\/div>\n\t\t\t\t\t\t<\/div>\n\t\t\t\t\t<\/div>\n\t\t<\/div>\n\t\t\t\t<div class=\"elementor-column elementor-col-33 elementor-inner-column elementor-element elementor-element-642449ed\" data-id=\"642449ed\" data-element_type=\"column\">\n\t\t\t<div class=\"elementor-column-wrap elementor-element-populated\">\n\t\t\t\t\t\t\t<div class=\"elementor-widget-wrap\">\n\t\t\t\t\t\t<div class=\"elementor-element elementor-element-1d1a91eb elementor-widget elementor-widget-image\" data-id=\"1d1a91eb\" data-element_type=\"widget\" data-widget_type=\"image.default\">\n\t\t\t\t<div class=\"elementor-widget-container\">\n\t\t\t\t\t<div class=\"elementor-image\">\n\t\t\t\t\t\t\t\t\t\t<img width=\"554\" height=\"451\" src=\"https:\/\/koronet.cz\/wp-content\/uploads\/2021\/01\/logo-removebg.png\" class=\"attachment-large size-large\" alt=\"\" loading=\"lazy\" srcset=\"https:\/\/koronet.cz\/wp-content\/uploads\/2021\/01\/logo-removebg.png 554w, https:\/\/koronet.cz\/wp-content\/uploads\/2021\/01\/logo-removebg-300x244.png 300w\" sizes=\"(max-width: 554px) 100vw, 554px\" \/>\t\t\t\t\t\t\t\t\t\t\t<\/div>\n\t\t\t\t<\/div>\n\t\t\t\t<\/div>\n\t\t\t\t\t\t<\/div>\n\t\t\t\t\t<\/div>\n\t\t<\/div>\n\t\t\t\t<div class=\"elementor-column elementor-col-33 elementor-inner-column elementor-element elementor-element-2bdb7ea9\" data-id=\"2bdb7ea9\" data-element_type=\"column\">\n\t\t\t<div class=\"elementor-column-wrap elementor-element-populated\">\n\t\t\t\t\t\t\t<div class=\"elementor-widget-wrap\">\n\t\t\t\t\t\t<div class=\"elementor-element elementor-element-32ae3b17 elementor-widget elementor-widget-text-editor\" data-id=\"32ae3b17\" data-element_type=\"widget\" data-widget_type=\"text-editor.default\">\n\t\t\t\t<div class=\"elementor-widget-container\">\n\t\t\t\t\t<div class=\"elementor-text-editor elementor-clearfix\"><p>QUALITY PROVEN BY TIME<\/p><\/div>\n\t\t\t\t<\/div>\n\t\t\t\t<\/div>\n\t\t\t\t\t\t<\/div>\n\t\t\t\t\t<\/div>\n\t\t<\/div>\n\t\t\t\t\t\t\t\t<\/div>\n\t\t\t\t\t<\/div>\n\t\t<\/section>\n\t\t\t\t<div class=\"elementor-element elementor-element-7e95974e animated-slow elementor-invisible elementor-widget elementor-widget-heading\" data-id=\"7e95974e\" data-element_type=\"widget\" data-settings=\"{&quot;_animation&quot;:&quot;fadeIn&quot;}\" data-widget_type=\"heading.default\">\n\t\t\t\t<div class=\"elementor-widget-container\">\n\t\t\t<h1 class=\"elementor-heading-title elementor-size-default\">Reklama\u010dn\u00ed \u0159\u00e1d zna\u010dky KORONET<\/h1>\t\t<\/div>\n\t\t\t\t<\/div>\n\t\t\t\t\t\t<\/div>\n\t\t\t\t\t<\/div>\n\t\t<\/div>\n\t\t\t\t\t\t\t\t<\/div>\n\t\t\t\t\t<\/div>\n\t\t<\/section>\n\t\t\t\t<section class=\"elementor-section elementor-top-section elementor-element elementor-element-5320cac3 elementor-section-boxed elementor-section-height-default elementor-section-height-default\" data-id=\"5320cac3\" data-element_type=\"section\" data-settings=\"{&quot;background_background&quot;:&quot;classic&quot;,&quot;shape_divider_bottom&quot;:&quot;tilt&quot;}\">\n\t\t\t\t\t<div class=\"elementor-shape elementor-shape-bottom\" data-negative=\"false\">\n\t\t\t<svg xmlns=\"http:\/\/www.w3.org\/2000\/svg\" viewbox=\"0 0 1000 100\" preserveaspectratio=\"none\">\n\t<path class=\"elementor-shape-fill\" d=\"M0,6V0h1000v100L0,6z\"\/>\n<\/svg>\t\t<\/div>\n\t\t\t\t\t<div class=\"elementor-container elementor-column-gap-default\">\n\t\t\t\t\t\t\t<div class=\"elementor-row\">\n\t\t\t\t\t<div class=\"elementor-column elementor-col-100 elementor-top-column elementor-element elementor-element-70496a2a\" data-id=\"70496a2a\" data-element_type=\"column\">\n\t\t\t<div class=\"elementor-column-wrap elementor-element-populated\">\n\t\t\t\t\t\t\t<div class=\"elementor-widget-wrap\">\n\t\t\t\t\t\t<div class=\"elementor-element elementor-element-6a7cf037 elementor-widget elementor-widget-heading\" data-id=\"6a7cf037\" data-element_type=\"widget\" data-widget_type=\"heading.default\">\n\t\t\t\t<div class=\"elementor-widget-container\">\n\t\t\t<h2 class=\"elementor-heading-title elementor-size-default\">Tento reklama\u010dn\u00ed \u0159\u00e1d je dodatkem k obchodn\u00edm podm\u00ednk\u00e1m <\/h2>\t\t<\/div>\n\t\t\t\t<\/div>\n\t\t\t\t<div class=\"elementor-element elementor-element-312d9e6c elementor-widget elementor-widget-heading\" data-id=\"312d9e6c\" data-element_type=\"widget\" data-widget_type=\"heading.default\">\n\t\t\t\t<div class=\"elementor-widget-container\">\n\t\t\t<h2 class=\"elementor-heading-title elementor-size-default\">Reklama\u010dn\u00ed \u0159\u00e1d KORONET <\/h2>\t\t<\/div>\n\t\t\t\t<\/div>\n\t\t\t\t<div class=\"elementor-element elementor-element-37330a2 elementor-widget elementor-widget-text-editor\" data-id=\"37330a2\" data-element_type=\"widget\" data-settings=\"{&quot;_animation&quot;:&quot;none&quot;,&quot;_animation_delay&quot;:300}\" data-widget_type=\"text-editor.default\">\n\t\t\t\t<div class=\"elementor-widget-container\">\n\t\t\t\t\t<div class=\"elementor-text-editor elementor-clearfix\"><p>Prod\u00e1vaj\u00edc\u00ed odpov\u00edd\u00e1 kupuj\u00edc\u00edmu za vady v\u00fdrobku, pokud se vyskytnou \u010di se vyskytuj\u00ed ji\u017e p\u0159i jeho p\u0159evzet\u00ed kupuj\u00edc\u00edm, pop\u0159\u00edpad\u011b v z\u00e1ru\u010dn\u00ed dob\u011b, dle p\u0159\u00edslu\u0161n\u00fdch ustanoven\u00ed z\u00e1kona \u010d. 89\/2012 Sb., ob\u010dansk\u00e9ho z\u00e1kon\u00edku (d\u00e1le jen \u201eob\u010dansk\u00fd z\u00e1kon\u00edk\u201c), pokud je kupuj\u00edc\u00ed podnikatelem, a dle p\u0159\u00edslu\u0161n\u00fdch ustanoven\u00ed ob\u010dansk\u00e9ho z\u00e1kon\u00edku a z\u00e1kona \u010d. 634\/1992 Sb., o ochran\u011b spot\u0159ebitele, pokud je kupuj\u00edc\u00ed spot\u0159ebitelem, a d\u00e1le dle smluvn\u00edho ujedn\u00e1n\u00ed mezi prod\u00e1vaj\u00edc\u00edm a kupuj\u00edc\u00edm.<\/p><p>Kupuj\u00edc\u00ed je povinen prov\u00e9st kontrolu v\u00fdrobku p\u0159i jeho p\u0159evzet\u00ed od prod\u00e1vaj\u00edc\u00edho, a pokud to nen\u00ed dostate\u010dn\u011b mo\u017en\u00e9, bez zbyte\u010dn\u00e9ho odkladu po p\u0159evzet\u00ed.<\/p><\/div>\n\t\t\t\t<\/div>\n\t\t\t\t<\/div>\n\t\t\t\t<div class=\"elementor-element elementor-element-2f803fce elementor-widget elementor-widget-heading\" data-id=\"2f803fce\" data-element_type=\"widget\" data-widget_type=\"heading.default\">\n\t\t\t\t<div class=\"elementor-widget-container\">\n\t\t\t<h2 class=\"elementor-heading-title elementor-size-default\">Odpov\u011bdnost za vady ke kupuj\u00edc\u00edmu, kter\u00fd vystupuje jako spot\u0159ebitel <\/h2>\t\t<\/div>\n\t\t\t\t<\/div>\n\t\t\t\t<div class=\"elementor-element elementor-element-417a15ab elementor-widget elementor-widget-text-editor\" data-id=\"417a15ab\" data-element_type=\"widget\" data-settings=\"{&quot;_animation&quot;:&quot;none&quot;,&quot;_animation_delay&quot;:300}\" data-widget_type=\"text-editor.default\">\n\t\t\t\t<div class=\"elementor-widget-container\">\n\t\t\t\t\t<div class=\"elementor-text-editor elementor-clearfix\"><p>Prod\u00e1vaj\u00edc\u00ed odpov\u00edd\u00e1 kupuj\u00edc\u00edmu za to, \u017ee v\u00fdrobek je p\u0159i p\u0159evzet\u00ed kupuj\u00edc\u00edm ve shod\u011b se smluvn\u00edm ujedn\u00e1n\u00edm, zejm\u00e9na bez vad. Shodou se smluvn\u00edm ujedn\u00e1n\u00edm se rozum\u00ed, \u017ee v\u00fdrobek m\u00e1 jakost a u\u017eitn\u00e9 vlastnosti po\u017eadovan\u00e9 kupuj\u00edc\u00edm, zejm\u00e9na v p\u0159\u00edpad\u011b zak\u00e1zkov\u00e9 v\u00fdroby v souladu se z\u00e1vaznou objedn\u00e1vkou kupuj\u00edc\u00edho. V p\u0159\u00edpad\u011b, \u017ee v\u00fdrobek p\u0159i p\u0159evzet\u00ed kupuj\u00edc\u00edm nen\u00ed ve shod\u011b se smluvn\u00edm ujedn\u00e1n\u00edm, m\u00e1 kupuj\u00edc\u00ed pr\u00e1vo na to, aby prod\u00e1vaj\u00edc\u00ed bezplatn\u011b a bez zbyte\u010dn\u00e9ho odkladu v\u00fdrobek uvedl do stavu odpov\u00eddaj\u00edc\u00edmu smluvn\u00edmu ujedn\u00e1n\u00ed, a to opravou \u010di poskytnut\u00edm p\u0159im\u011b\u0159en\u00e9 slevy kupuj\u00edc\u00edmu z kupn\u00ed ceny. Pokud dojde k podstatn\u00e9mu poru\u0161en\u00ed smluvn\u00edho ujedn\u00e1n\u00ed m\u00e1 kupuj\u00edc\u00ed t\u00e9\u017e pr\u00e1vo od uzav\u0159en\u00e9 smlouvy odstoupit. P\u0159edchoz\u00ed v\u011bta se ov\u0161em nepou\u017eije pro p\u0159\u00edpady, kdy kupuj\u00edc\u00ed p\u0159ed p\u0159evzet\u00edm v\u00fdrobku v\u011bd\u011bl, \u017ee v\u00fdrobek m\u00e1 vadu, anebo pokud kupuj\u00edc\u00ed vadu s\u00e1m zp\u016fsobil, p\u0159\u00edpadn\u011b t\u00e9\u017e jedn\u00e1-li se o vadu, kterou kupuj\u00edc\u00ed musel s vynalo\u017een\u00edm obvykl\u00e9 p\u00e9\u010de poznat ji\u017e p\u0159i uzav\u0159en\u00ed smlouvy.<\/p><p>Prod\u00e1vaj\u00edc\u00ed poskytuje na v\u00fdrobky z\u00e1ruku v d\u00e9lce trv\u00e1n\u00ed 24 m\u011bs\u00edc\u016f, pokud nen\u00ed na v\u00fdrobku nebo v z\u00e1ru\u010dn\u00edm listu v\u00fdrobku uvedeno jinak. Z\u00e1ru\u010dn\u00ed doba po\u010d\u00edn\u00e1 b\u011b\u017eet od p\u0159evzet\u00ed v\u00fdrobku kupuj\u00edc\u00edm. Z\u00e1ru\u010dn\u00ed doba se stav\u00ed od okam\u017eiku uplatn\u011bn\u00ed reklamace do doby, kdy byl kupuj\u00edc\u00ed povinen v\u00fdrobek p\u0159evz\u00edt po vy\u0159\u00edzen\u00ed reklamace. Pokud je v\u00fdsledkem reklama\u010dn\u00edho \u0159\u00edzen\u00ed v\u00fdm\u011bna reklamovan\u00e9ho v\u00fdrobku, za\u010dne b\u011b\u017eet z\u00e1ru\u010dn\u00ed doba znovu od p\u0159evzet\u00ed nov\u00e9ho v\u00fdrobku. P\u0159i v\u00fdm\u011bn\u011b vadn\u00e9 sou\u010d\u00e1sti\/\u010d\u00e1sti\/d\u00edlu v\u00fdrobku, se vztahuje nov\u00e1 z\u00e1ru\u010dn\u00ed doba pouze na vym\u011bn\u011bnou sou\u010d\u00e1st\/\u010d\u00e1st\/d\u00edl v\u00fdrobku.<\/p><p>Pro p\u0159\u00edpad uplatn\u011bn\u00ed pr\u00e1va na odstran\u011bn\u00ed vady opravou v\u011bci m\u00e1 kupuj\u00edc\u00ed pr\u00e1vo, aby vada byla bezplatn\u011b, v\u010das a \u0159\u00e1dn\u011b odstran\u011bna. Prod\u00e1vaj\u00edc\u00ed je povinen reklamovanou vadu odstranit bez zbyte\u010dn\u00e9ho odkladu, nejpozd\u011bji v\u0161ak do 30 kalend\u00e1\u0159n\u00edch dn\u016f ode dne uplatn\u011bn\u00ed reklamace. Za odstraniteln\u00e9 vady se pova\u017euj\u00ed takov\u00e9 vady, kter\u00e9 lze opravou odstranit, ani\u017e by utrp\u011bl vzhled, funkce a kvalita v\u00fdrobku.<\/p><p>V p\u0159\u00edpad\u011b, \u017ee reklamace nebyla vy\u0159\u00edzena do 30 kalend\u00e1\u0159n\u00edch dn\u016f ode dne jej\u00edho uplatn\u011bn\u00ed a mezi kupuj\u00edc\u00edm a prod\u00e1vaj\u00edc\u00edm nedo\u0161lo k dohod\u011b o prodlou\u017een\u00ed lh\u016fty pro vy\u0159\u00edzen\u00ed reklamace nebo t\u00e9\u017e v p\u0159\u00edpad\u011b podstatn\u00e9ho poru\u0161en\u00ed smlouvy, m\u00e1 kupuj\u00edc\u00ed n\u00e1rok na odstoupen\u00ed od smlouvy. Kupuj\u00edc\u00ed m\u00e1 rovn\u011b\u017e n\u00e1rok na odstoupen\u00ed od smlouvy, pokud nem\u016f\u017ee pro op\u011btovn\u00e9 vyskytnut\u00ed odstraniteln\u00e9 vady po oprav\u011b nebo pro v\u011bt\u0161\u00ed po\u010det odstraniteln\u00fdch vad v\u00fdrobek \u0159\u00e1dn\u011b po del\u0161\u00ed dobu u\u017e\u00edvat.<\/p><p>O op\u011btovn\u00e9 vyskytnut\u00ed vady po oprav\u011b se jedn\u00e1, pokud se stejn\u00e1 vada, kter\u00e1 byla v z\u00e1ru\u010dn\u00ed dob\u011b ji\u017e nejm\u00e9n\u011b dvakr\u00e1t opravena, op\u011btovn\u011b vyskytne. V\u011bt\u0161\u00edm po\u010dtem vad trp\u00ed v\u00fdrobek tehdy, m\u00e1-li v dob\u011b uplatn\u011bn\u00ed reklamace sou\u010dasn\u011b nejm\u00e9n\u011b t\u0159i r\u016fzn\u00e9 (vznikl\u00e9 z r\u016fzn\u00fdch p\u0159\u00ed\u010din) odstraniteln\u00e9 vady. Jde-li o vadu neodstranitelnou, kter\u00e1 br\u00e1n\u00ed \u0159\u00e1dn\u00e9mu u\u017e\u00edv\u00e1n\u00ed v\u00fdrobku m\u00e1 kupuj\u00edc\u00ed, nestanov\u00ed-li z\u00e1kon jinak, pr\u00e1vo po\u017eadovat v\u00fdm\u011bnu v\u00fdrobku za nov\u00fd nebo takt\u00e9\u017e odstoupit od smlouvy. Za neodstranitelnou vadu se pova\u017euje takov\u00e1 vada, kterou nelze odstranit nebo jej\u00ed odstran\u011bn\u00ed nen\u00ed \u00fa\u010deln\u00e9 s p\u0159ihl\u00e9dnut\u00edm ke v\u0161em rozhodn\u00fdm okolnostem.<\/p><\/div>\n\t\t\t\t<\/div>\n\t\t\t\t<\/div>\n\t\t\t\t<div class=\"elementor-element elementor-element-4f1f878 elementor-widget elementor-widget-heading\" data-id=\"4f1f878\" data-element_type=\"widget\" data-widget_type=\"heading.default\">\n\t\t\t\t<div class=\"elementor-widget-container\">\n\t\t\t<h2 class=\"elementor-heading-title elementor-size-default\">Odpov\u011bdnost za vady ke Kupuj\u00edc\u00edmu, kter\u00fd vystupuje jako Podnikatel<\/h2>\t\t<\/div>\n\t\t\t\t<\/div>\n\t\t\t\t<div class=\"elementor-element elementor-element-ea4f180 elementor-widget elementor-widget-text-editor\" data-id=\"ea4f180\" data-element_type=\"widget\" data-settings=\"{&quot;_animation&quot;:&quot;none&quot;,&quot;_animation_delay&quot;:300}\" data-widget_type=\"text-editor.default\">\n\t\t\t\t<div class=\"elementor-widget-container\">\n\t\t\t\t\t<div class=\"elementor-text-editor elementor-clearfix\"><p>Prod\u00e1vaj\u00edc\u00ed poskytuje kupuj\u00edc\u00edmu z\u00e1ruku za jakost v\u00fdrobku, tedy zavazuje se, \u017ee v\u00fdrobek bude po dobu trv\u00e1n\u00ed z\u00e1ru\u010dn\u00ed doby zp\u016fsobil\u00fd k pou\u017eit\u00ed k obvykl\u00e9mu \u00fa\u010delu a zachov\u00e1 si obvykl\u00e9 vlastnosti. Z\u00e1ru\u010dn\u00ed doba \u010din\u00ed 12 m\u011bs\u00edc\u016f a b\u011b\u017e\u00ed ode dne p\u0159evzet\u00ed v\u00fdrobku kupuj\u00edc\u00edm.<\/p><p>V ostatn\u00edm upravuje pr\u00e1va a povinnosti prod\u00e1vaj\u00edc\u00edho a kupuj\u00edc\u00edho, p\u0159edev\u0161\u00edm pak n\u00e1roky kupuj\u00edc\u00edho z vad v\u00fdrobku, ustanoven\u00ed \u00a72113 a n\u00e1sl. ob\u010dansk\u00e9ho z\u00e1kon\u00edku. Kupuj\u00edc\u00ed m\u016f\u017ee uplatnit n\u00e1rok na slevu z kupn\u00ed ceny nebo pro p\u0159\u00edpad podstatn\u00e9ho poru\u0161en\u00ed smlouvy odstoupit od smlouvy a\u017e po uplynut\u00ed dodate\u010dn\u00e9 lh\u016fty k pln\u011bn\u00ed, v r\u00e1mci kter\u00e9 m\u00e1 prod\u00e1vaj\u00edc\u00ed pr\u00e1vo na odstran\u011bn\u00ed vady<\/p><\/div>\n\t\t\t\t<\/div>\n\t\t\t\t<\/div>\n\t\t\t\t<div class=\"elementor-element elementor-element-17ed592 elementor-widget elementor-widget-heading\" data-id=\"17ed592\" data-element_type=\"widget\" data-widget_type=\"heading.default\">\n\t\t\t\t<div class=\"elementor-widget-container\">\n\t\t\t<h2 class=\"elementor-heading-title elementor-size-default\">Spole\u010dn\u00e1 ustanoven\u00ed a z\u00e1v\u011bre\u010dn\u00e1 ustanoven\u00ed <\/h2>\t\t<\/div>\n\t\t\t\t<\/div>\n\t\t\t\t<div class=\"elementor-element elementor-element-08eb097 elementor-widget elementor-widget-text-editor\" data-id=\"08eb097\" data-element_type=\"widget\" data-settings=\"{&quot;_animation&quot;:&quot;none&quot;,&quot;_animation_delay&quot;:300}\" data-widget_type=\"text-editor.default\">\n\t\t\t\t<div class=\"elementor-widget-container\">\n\t\t\t\t\t<div class=\"elementor-text-editor elementor-clearfix\"><p>Reklamaci lze uplatnit v KORONET, na adrese U Slavie 1527, 100 00 Praha 10-Vr\u0161ovice. Reklamaci je nezbytn\u011b nutn\u00e9 uplatnit bez zbyte\u010dn\u00e9ho odkladu, jakmile se vada objev\u00ed. U\u017e\u00edv\u00e1n\u00ed v\u00fdrobku navzdory vyskytl\u00e9 vad\u011b m\u016f\u017ee m\u00edt za n\u00e1sledek roz\u0161\u00ed\u0159en\u00ed vady, znehodnocen\u00ed zbo\u017e\u00ed a m\u016f\u017ee b\u00fdt d\u016fvodem odm\u00edtnut\u00ed reklamace.<\/p><p>V p\u0159\u00edpad\u011b uplatn\u011bn\u00ed reklamace je t\u0159eba na prodejn\u011b p\u0159edlo\u017eit osob\u011b opr\u00e1vn\u011bn\u00e9 \u0159e\u0161it reklamace zbo\u017e\u00ed doklad osv\u011bd\u010duj\u00edc\u00ed datum a m\u00edsto p\u0159evzet\u00ed v\u00fdrobku od prodejce, pop\u0159\u00edpad\u011b z\u00e1ru\u010dn\u00ed list, pokud byl prodejcem vystaven, kompletn\u00ed v\u00fdrobek v\u010detn\u011b v\u0161ech jeho sou\u010d\u00e1st\u00ed\/\u010d\u00e1st\u00ed\/d\u00edl\u016f, vy\u010di\u0161t\u011bn\u00fd, zbaven\u00fd v\u0161ech ne\u010distot, hygienicky nez\u00e1vadn\u00fd a v neposledn\u00ed \u0159ad\u011b ozna\u010dit reklamovanou vadu v\u00fdrobku. Prod\u00e1vaj\u00edc\u00ed je opr\u00e1vn\u011bn odm\u00edtnout p\u0159evz\u00edt k reklama\u010dn\u00edmu \u0159\u00edzen\u00ed v\u00fdrobek, kter\u00fd nebude spl\u0148ovat v\u00fd\u0161e uveden\u00e9 z\u00e1sady obecn\u00e9 hygieny (vyhl\u00e1\u0161ka 306\/2012 Sb., o podm\u00ednk\u00e1ch p\u0159edch\u00e1zen\u00ed vzniku a \u0161\u00ed\u0159en\u00ed infek\u010dn\u00edch onemocn\u011bn\u00ed).<\/p><p>Nep\u0159edlo\u017een\u00ed dokladu osv\u011bd\u010duj\u00edc\u00edho datum a m\u00edsto p\u0159evzet\u00ed v\u00fdrobku a nespln\u011bn\u00edm v\u00fd\u0161e uveden\u00fdch povinnost\u00ed p\u0159i uplatn\u011bn\u00ed reklamace se kupuj\u00edc\u00ed vystavuje riziku neprok\u00e1z\u00e1n\u00ed v\u010dasnosti a opr\u00e1vn\u011bnosti reklamace. Prod\u00e1vaj\u00edc\u00ed je povinen kupuj\u00edc\u00edmu v p\u0159\u00edpad\u011b uplatn\u011bn\u00ed reklamace tuto skute\u010dnost potvrdit, a to v p\u00edsemn\u00e9 form\u011b, zejm\u00e9na dobu, kdy pr\u00e1vo odpov\u011bdnosti za vady uplatnil. Po vy\u0159\u00edzen\u00ed reklamace prod\u00e1vaj\u00edc\u00ed p\u0159ed\u00e1 kupuj\u00edc\u00edmu v p\u00edsemn\u00e9 podob\u011b potvrzen\u00ed o zp\u016fsobu \u0159e\u0161en\u00ed reklamace, jako\u017eto i o proveden\u00ed p\u0159\u00edpadn\u00e9 opravy a doby reklama\u010dn\u00edho \u0159\u00edzen\u00ed.<\/p><\/div>\n\t\t\t\t<\/div>\n\t\t\t\t<\/div>\n\t\t\t\t<div class=\"elementor-element elementor-element-e6d004e elementor-widget elementor-widget-heading\" data-id=\"e6d004e\" data-element_type=\"widget\" data-widget_type=\"heading.default\">\n\t\t\t\t<div class=\"elementor-widget-container\">\n\t\t\t<h2 class=\"elementor-heading-title elementor-size-default\">Z\u00e1ruka dle tohoto reklama\u010dn\u00edho \u0159\u00e1du se nevztahuje<\/h2>\t\t<\/div>\n\t\t\t\t<\/div>\n\t\t\t\t<div class=\"elementor-element elementor-element-d9da5ae elementor-widget elementor-widget-text-editor\" data-id=\"d9da5ae\" data-element_type=\"widget\" data-settings=\"{&quot;_animation&quot;:&quot;none&quot;,&quot;_animation_delay&quot;:300}\" data-widget_type=\"text-editor.default\">\n\t\t\t\t<div class=\"elementor-widget-container\">\n\t\t\t\t\t<div class=\"elementor-text-editor elementor-clearfix\"><p>Na b\u011b\u017en\u00e9 opot\u0159eben\u00ed, na z\u00e1nik \u017eivotnosti v\u00fdrobku v d\u016fsledku nadm\u011brn\u00e9ho pou\u017e\u00edv\u00e1n\u00ed nad r\u00e1mec p\u0159edpokl\u00e1dan\u00e9ho u\u017eit\u00ed \u010di \u00fa\u010delovosti v\u00fdrobku, jako\u017e i v d\u016fsledku nevhodn\u00e9ho o\u0161et\u0159ov\u00e1n\u00ed a pou\u017e\u00edv\u00e1n\u00ed v rozporu se stanoven\u00fdm \u00fa\u010delem. Na vady, pro kter\u00e9 byla prod\u00e1vaj\u00edc\u00edm poskytnuta sleva z kupn\u00ed ceny, takt\u00e9\u017e nelze uplatnit reklamaci. Prod\u00e1vaj\u00edc\u00ed nep\u0159eb\u00edr\u00e1 odpov\u011bdnost za \u0161kody vypl\u00fdvaj\u00edc\u00ed z funk\u010dn\u00edch vlastnost\u00ed v\u00fdrobk\u016f, z neodborn\u00e9ho pou\u017e\u00edv\u00e1n\u00ed v\u00fdrobk\u016f \u010di chybn\u00e9 manipulace s v\u00fdrobkem. Na vady tohoto p\u016fvodu se nevztahuje ani poskytnut\u00e1 z\u00e1ruka.<\/p><p>Prodejce upozor\u0148uje kupuj\u00edc\u00edho na skute\u010dnost, \u017ee pokud prob\u011bhne reklama\u010dn\u00ed \u0159\u00edzen\u00ed ohledn\u011b ur\u010dit\u00e9 vady, a bude rozhodnuto, \u017ee reklamace je neopr\u00e1vn\u011bn\u00e1, pak nov\u00e9 reklama\u010dn\u00ed \u0159\u00edzen\u00ed ohledn\u011b t\u00e9\u017ee vady ji\u017e nem\u016f\u017ee prob\u011bhnout a prod\u00e1vaj\u00edc\u00ed je opr\u00e1vn\u011bn z tohoto d\u016fvodu odm\u00edtnout p\u0159evz\u00edt v\u00fdrobek k op\u011btovn\u00e9 reklamaci.<\/p><p>Kupuj\u00edc\u00ed je povinen po vy\u0159\u00edzen\u00ed reklamace v\u00fdrobek p\u0159evz\u00edt. Kupuj\u00edc\u00edmu, kter\u00fd je v prodlen\u00ed s p\u0159evzet\u00edm v\u00fdrobku, je prod\u00e1vaj\u00edc\u00ed opr\u00e1vn\u011bn v\u00fdrobek odeslat na j\u00edm uvedenou adresu a kupuj\u00edc\u00ed je povinen uhradit ve\u0161ker\u00e9 n\u00e1klady souvisej\u00edc\u00ed s t\u00edmto odesl\u00e1n\u00edm. Odpov\u011bdnost za \u0161kodu p\u0159i nep\u0159evzet\u00ed reklamovan\u00e9ho v\u00fdrobku kupuj\u00edc\u00edm \u0159\u00e1dn\u011b a v\u010das p\u0159ech\u00e1z\u00ed na kupuj\u00edc\u00edho okam\u017eikem, kdy mu bylo umo\u017en\u011bno ze strany prodejce reklamovan\u00fd v\u00fdrobek p\u0159evz\u00edt.<\/p><\/div>\n\t\t\t\t<\/div>\n\t\t\t\t<\/div>\n\t\t\t\t<div class=\"elementor-element elementor-element-7884d230 elementor-widget elementor-widget-text-editor\" data-id=\"7884d230\" data-element_type=\"widget\" data-settings=\"{&quot;_animation&quot;:&quot;none&quot;,&quot;_animation_delay&quot;:300}\" data-widget_type=\"text-editor.default\">\n\t\t\t\t<div class=\"elementor-widget-container\">\n\t\t\t\t\t<div class=\"elementor-text-editor elementor-clearfix\"><p>Tento reklama\u010dn\u00ed \u0159\u00e1d nab\u00fdv\u00e1 \u00fa\u010dinnosti dnem 01.02.2021<\/p><\/div>\n\t\t\t\t<\/div>\n\t\t\t\t<\/div>\n\t\t\t\t\t\t<\/div>\n\t\t\t\t\t<\/div>\n\t\t<\/div>\n\t\t\t\t\t\t\t\t<\/div>\n\t\t\t\t\t<\/div>\n\t\t<\/section>\n\t\t\t\t\t\t<\/div>\n\t\t\t\t\t\t<\/div>\n\t\t\t\t\t<\/div>","protected":false},"excerpt":{"rendered":"<p>ZALO\u017dENO V PRAZE 1995 KVALITA PROV\u011a\u0158EN\u00c1 \u010cASEM Reklama\u010dn\u00ed \u0159\u00e1d zna\u010dky KORONET Tento reklama\u010dn\u00ed \u0159\u00e1d je dodatkem k obchodn\u00edm podm\u00ednk\u00e1m Reklama\u010dn\u00ed \u0159\u00e1d KORONET Prod\u00e1vaj\u00edc\u00ed odpov\u00edd\u00e1 kupuj\u00edc\u00edmu za vady v\u00fdrobku, pokud se vyskytnou \u010di se vyskytuj\u00ed ji\u017e p\u0159i jeho p\u0159evzet\u00ed kupuj\u00edc\u00edm, pop\u0159\u00edpad\u011b v z\u00e1ru\u010dn\u00ed dob\u011b, dle p\u0159\u00edslu\u0161n\u00fdch ustanoven\u00ed z\u00e1kona \u010d. 89\/2012 Sb., ob\u010dansk\u00e9ho z\u00e1kon\u00edku (d\u00e1le jen \u201eob\u010dansk\u00fd [&hellip;]<\/p>","protected":false},"author":1,"featured_media":0,"parent":0,"menu_order":0,"comment_status":"closed","ping_status":"closed","template":"elementor_header_footer","meta":[],"_links":{"self":[{"href":"https:\/\/koronet.cz\/en\/wp-json\/wp\/v2\/pages\/769"}],"collection":[{"href":"https:\/\/koronet.cz\/en\/wp-json\/wp\/v2\/pages"}],"about":[{"href":"https:\/\/koronet.cz\/en\/wp-json\/wp\/v2\/types\/page"}],"author":[{"embeddable":true,"href":"https:\/\/koronet.cz\/en\/wp-json\/wp\/v2\/users\/1"}],"replies":[{"embeddable":true,"href":"https:\/\/koronet.cz\/en\/wp-json\/wp\/v2\/comments?post=769"}],"version-history":[{"count":4,"href":"https:\/\/koronet.cz\/en\/wp-json\/wp\/v2\/pages\/769\/revisions"}],"predecessor-version":[{"id":773,"href":"https:\/\/koronet.cz\/en\/wp-json\/wp\/v2\/pages\/769\/revisions\/773"}],"wp:attachment":[{"href":"https:\/\/koronet.cz\/en\/wp-json\/wp\/v2\/media?parent=769"}],"curies":[{"name":"wp","href":"https:\/\/api.w.org\/{rel}","templated":true}]}}