{"id":764,"date":"2021-02-20T18:24:02","date_gmt":"2021-02-20T18:24:02","guid":{"rendered":"https:\/\/koronet.cz\/?page_id=764"},"modified":"2021-02-20T18:31:03","modified_gmt":"2021-02-20T18:31:03","slug":"vop","status":"publish","type":"page","link":"https:\/\/koronet.cz\/en\/vop\/","title":{"rendered":"VOP"},"content":{"rendered":"<div data-elementor-type=\"wp-page\" data-elementor-id=\"764\" class=\"elementor elementor-764\" data-elementor-settings=\"[]\">\n\t\t\t\t\t\t<div class=\"elementor-inner\">\n\t\t\t\t\t\t\t<div class=\"elementor-section-wrap\">\n\t\t\t\t\t\t\t<section class=\"elementor-section elementor-top-section elementor-element elementor-element-5d848234 elementor-section-content-middle elementor-section-height-min-height elementor-section-boxed elementor-section-height-default elementor-section-items-middle\" data-id=\"5d848234\" data-element_type=\"section\" data-settings=\"{&quot;background_background&quot;:&quot;classic&quot;}\">\n\t\t\t\t\t\t\t<div class=\"elementor-background-overlay\"><\/div>\n\t\t\t\t\t\t\t<div class=\"elementor-container elementor-column-gap-extended\">\n\t\t\t\t\t\t\t<div class=\"elementor-row\">\n\t\t\t\t\t<div class=\"elementor-column elementor-col-100 elementor-top-column elementor-element elementor-element-2e693010\" data-id=\"2e693010\" data-element_type=\"column\">\n\t\t\t<div class=\"elementor-column-wrap elementor-element-populated\">\n\t\t\t\t\t\t\t<div class=\"elementor-widget-wrap\">\n\t\t\t\t\t\t<div class=\"elementor-element elementor-element-c173464 animated-slow elementor-widget-divider--view-line elementor-invisible elementor-widget elementor-widget-divider\" data-id=\"c173464\" data-element_type=\"widget\" data-settings=\"{&quot;_animation&quot;:&quot;fadeIn&quot;,&quot;_animation_delay&quot;:1200}\" data-widget_type=\"divider.default\">\n\t\t\t\t<div class=\"elementor-widget-container\">\n\t\t\t\t\t<div class=\"elementor-divider\">\n\t\t\t<span class=\"elementor-divider-separator\">\n\t\t\t\t\t\t<\/span>\n\t\t<\/div>\n\t\t\t\t<\/div>\n\t\t\t\t<\/div>\n\t\t\t\t<section class=\"elementor-section elementor-inner-section elementor-element elementor-element-2a3c163e elementor-section-content-middle animated-slow elementor-section-boxed elementor-section-height-default elementor-section-height-default elementor-invisible\" data-id=\"2a3c163e\" data-element_type=\"section\" data-settings=\"{&quot;animation&quot;:&quot;fadeIn&quot;,&quot;animation_delay&quot;:600}\">\n\t\t\t\t\t\t<div class=\"elementor-container elementor-column-gap-no\">\n\t\t\t\t\t\t\t<div class=\"elementor-row\">\n\t\t\t\t\t<div class=\"elementor-column elementor-col-33 elementor-inner-column elementor-element elementor-element-6ca79458\" data-id=\"6ca79458\" data-element_type=\"column\">\n\t\t\t<div class=\"elementor-column-wrap elementor-element-populated\">\n\t\t\t\t\t\t\t<div class=\"elementor-widget-wrap\">\n\t\t\t\t\t\t<div class=\"elementor-element elementor-element-40e36aae elementor-widget elementor-widget-text-editor\" data-id=\"40e36aae\" data-element_type=\"widget\" data-widget_type=\"text-editor.default\">\n\t\t\t\t<div class=\"elementor-widget-container\">\n\t\t\t\t\t<div class=\"elementor-text-editor elementor-clearfix\"><p>FOUNDED IN PRAGUE 1995<\/p><\/div>\n\t\t\t\t<\/div>\n\t\t\t\t<\/div>\n\t\t\t\t\t\t<\/div>\n\t\t\t\t\t<\/div>\n\t\t<\/div>\n\t\t\t\t<div class=\"elementor-column elementor-col-33 elementor-inner-column elementor-element elementor-element-58a70308\" data-id=\"58a70308\" data-element_type=\"column\">\n\t\t\t<div class=\"elementor-column-wrap elementor-element-populated\">\n\t\t\t\t\t\t\t<div class=\"elementor-widget-wrap\">\n\t\t\t\t\t\t<div class=\"elementor-element elementor-element-74a2dc58 elementor-widget elementor-widget-image\" data-id=\"74a2dc58\" data-element_type=\"widget\" data-widget_type=\"image.default\">\n\t\t\t\t<div class=\"elementor-widget-container\">\n\t\t\t\t\t<div class=\"elementor-image\">\n\t\t\t\t\t\t\t\t\t\t<img width=\"554\" height=\"451\" src=\"https:\/\/koronet.cz\/wp-content\/uploads\/2021\/01\/logo-removebg.png\" class=\"attachment-large size-large\" alt=\"\" loading=\"lazy\" srcset=\"https:\/\/koronet.cz\/wp-content\/uploads\/2021\/01\/logo-removebg.png 554w, https:\/\/koronet.cz\/wp-content\/uploads\/2021\/01\/logo-removebg-300x244.png 300w\" sizes=\"(max-width: 554px) 100vw, 554px\" \/>\t\t\t\t\t\t\t\t\t\t\t<\/div>\n\t\t\t\t<\/div>\n\t\t\t\t<\/div>\n\t\t\t\t\t\t<\/div>\n\t\t\t\t\t<\/div>\n\t\t<\/div>\n\t\t\t\t<div class=\"elementor-column elementor-col-33 elementor-inner-column elementor-element elementor-element-1fe3052b\" data-id=\"1fe3052b\" data-element_type=\"column\">\n\t\t\t<div class=\"elementor-column-wrap elementor-element-populated\">\n\t\t\t\t\t\t\t<div class=\"elementor-widget-wrap\">\n\t\t\t\t\t\t<div class=\"elementor-element elementor-element-32a06f68 elementor-widget elementor-widget-text-editor\" data-id=\"32a06f68\" data-element_type=\"widget\" data-widget_type=\"text-editor.default\">\n\t\t\t\t<div class=\"elementor-widget-container\">\n\t\t\t\t\t<div class=\"elementor-text-editor elementor-clearfix\"><p>QUALITY PROVEN BY TIME<\/p><\/div>\n\t\t\t\t<\/div>\n\t\t\t\t<\/div>\n\t\t\t\t\t\t<\/div>\n\t\t\t\t\t<\/div>\n\t\t<\/div>\n\t\t\t\t\t\t\t\t<\/div>\n\t\t\t\t\t<\/div>\n\t\t<\/section>\n\t\t\t\t<div class=\"elementor-element elementor-element-447b3813 animated-slow elementor-invisible elementor-widget elementor-widget-heading\" data-id=\"447b3813\" data-element_type=\"widget\" data-settings=\"{&quot;_animation&quot;:&quot;fadeIn&quot;}\" data-widget_type=\"heading.default\">\n\t\t\t\t<div class=\"elementor-widget-container\">\n\t\t\t<h1 class=\"elementor-heading-title elementor-size-default\">V\u0161eobecn\u00e9 obchodn\u00ed podm\u00ednky KORONET<\/h1>\t\t<\/div>\n\t\t\t\t<\/div>\n\t\t\t\t\t\t<\/div>\n\t\t\t\t\t<\/div>\n\t\t<\/div>\n\t\t\t\t\t\t\t\t<\/div>\n\t\t\t\t\t<\/div>\n\t\t<\/section>\n\t\t\t\t<section class=\"elementor-section elementor-top-section elementor-element elementor-element-63922fc1 elementor-section-boxed elementor-section-height-default elementor-section-height-default\" data-id=\"63922fc1\" data-element_type=\"section\" data-settings=\"{&quot;background_background&quot;:&quot;classic&quot;,&quot;shape_divider_bottom&quot;:&quot;tilt&quot;}\">\n\t\t\t\t\t<div class=\"elementor-shape elementor-shape-bottom\" data-negative=\"false\">\n\t\t\t<svg xmlns=\"http:\/\/www.w3.org\/2000\/svg\" viewbox=\"0 0 1000 100\" preserveaspectratio=\"none\">\n\t<path class=\"elementor-shape-fill\" d=\"M0,6V0h1000v100L0,6z\"\/>\n<\/svg>\t\t<\/div>\n\t\t\t\t\t<div class=\"elementor-container elementor-column-gap-default\">\n\t\t\t\t\t\t\t<div class=\"elementor-row\">\n\t\t\t\t\t<div class=\"elementor-column elementor-col-100 elementor-top-column elementor-element elementor-element-7910b037\" data-id=\"7910b037\" data-element_type=\"column\">\n\t\t\t<div class=\"elementor-column-wrap elementor-element-populated\">\n\t\t\t\t\t\t\t<div class=\"elementor-widget-wrap\">\n\t\t\t\t\t\t<div class=\"elementor-element elementor-element-9b13844 elementor-widget elementor-widget-heading\" data-id=\"9b13844\" data-element_type=\"widget\" data-widget_type=\"heading.default\">\n\t\t\t\t<div class=\"elementor-widget-container\">\n\t\t\t<h2 class=\"elementor-heading-title elementor-size-default\">N\u00ed\u017ee jsou uvedn\u00e9 v\u0161eobecn\u00e9 obchodn\u00ed podm\u00ednky prodeje zbo\u017e\u00ed a poskytov\u00e1n\u00ed slu\u017eeb zna\u010dky KORONET<\/h2>\t\t<\/div>\n\t\t\t\t<\/div>\n\t\t\t\t<div class=\"elementor-element elementor-element-6fba6f13 elementor-widget elementor-widget-text-editor\" data-id=\"6fba6f13\" data-element_type=\"widget\" data-settings=\"{&quot;_animation&quot;:&quot;none&quot;,&quot;_animation_delay&quot;:300}\" data-widget_type=\"text-editor.default\">\n\t\t\t\t<div class=\"elementor-widget-container\">\n\t\t\t\t\t<div class=\"elementor-text-editor elementor-clearfix\"><p>Ve\u0161ker\u00e9 smluvn\u00ed vztahy mezi prod\u00e1vaj\u00edc\u00edm &#8211; spole\u010dnost\u00ed KORONET, (d\u00e1le jen \u201eprod\u00e1vaj\u00edc\u00ed\u201c) a z\u00e1kazn\u00edkem (d\u00e1le jen \u201ekupuj\u00edc\u00ed\u201c) se \u0159\u00edd\u00ed a jsou uzav\u00edr\u00e1ny v souladu s pr\u00e1vn\u00edm \u0159\u00e1dem \u010cesk\u00e9 republiky, zejm\u00e9na z\u00e1konem \u010d. 89\/2012 Sb., ob\u010dansk\u00fd z\u00e1kon\u00edk a z\u00e1konem \u010d. 634\/1992 Sb., o ochran\u011b spot\u0159ebitele.<\/p><p>Pro \u00fa\u010dely t\u011bchto obchodn\u00edch podm\u00ednek a souvisej\u00edc\u00edho reklama\u010dn\u00edho \u0159\u00e1du se slovy \u201ev\u00fdrobek\u201c \u010di \u201ezbo\u017e\u00ed\u201c m\u00e1 na mysli movit\u00e1 v\u011bc, kter\u00e1 je prodejcem nab\u00edzena ve\u0159ejnosti v r\u00e1mci jeho produktov\u00e9ho katalogu \u010di aktu\u00e1ln\u00ed nab\u00eddky ke koupi, p\u0159i\u010dem\u017e se jedn\u00e1 zejm\u00e9na o textiln\u00ed v\u00fdrobky, od\u011bvy, od\u011bvn\u00ed dopl\u0148ky, od\u011bvn\u00ed sou\u010d\u00e1sti\/d\u00edly, od\u011bvn\u00ed ozdoby, obuv a dal\u0161\u00ed specifick\u00e9 p\u0159edm\u011bty.<\/p><p>Tyto v\u0161eobecn\u00e9 obchodn\u00ed podm\u00ednky up\u0159es\u0148uj\u00ed vz\u00e1jemn\u00e1 pr\u00e1va a povinnosti mezi prod\u00e1vaj\u00edc\u00edm a z\u00e1kazn\u00edkem, a to za \u00fa\u010delem p\u0159edch\u00e1zen\u00ed p\u0159\u00edpadn\u00e9mu sporu. Tyto obchodn\u00ed podm\u00ednky jsou ned\u00edlnou sou\u010d\u00e1st\u00ed kupn\u00ed smlouvy, kterou prod\u00e1vaj\u00edc\u00ed a kupuj\u00edc\u00ed mezi sebou uzav\u00edraj\u00ed ve chv\u00edli, kdy kupuj\u00edc\u00ed uhrad\u00ed z\u00e1lohovou fakturu, paragon, nebo da\u0148ov\u00fd doklad vystaven\u00fd prodejcem. Na z\u00e1klad\u011b takto uzav\u0159en\u00e9 kupn\u00ed smlouvy, m\u016f\u017ee prod\u00e1vaj\u00edc\u00ed po kupuj\u00edc\u00edm po\u017eadovat p\u0159im\u011b\u0159enou z\u00e1lohu na kupn\u00ed cenu, a to a\u017e do v\u00fd\u0161e 100% z celkov\u00e9 ceny p\u0159edm\u011btu koup\u011b.<\/p><p>Ned\u00edlnou sou\u010d\u00e1st\u00ed obchodn\u00edch podm\u00ednek je takt\u00e9\u017e reklama\u010dn\u00ed \u0159\u00e1d spole\u010dnosti, se kter\u00fdm se m\u016f\u017ee kupuj\u00edc\u00ed sezn\u00e1mit na str\u00e1nk\u00e1ch www.koronet.cz nebo v listinn\u00e9 podob\u011b na\u00a0 prodejn\u011b spole\u010dnosti a se kter\u00fdm uzav\u0159en\u00edm kupn\u00ed smlouvy souhlas\u00ed.<\/p><p>Prodejce je povinen na vy\u017e\u00e1d\u00e1n\u00ed kupuj\u00edc\u00edho vytvo\u0159it listinnou kopii reklama\u010dn\u00edho \u0159\u00e1du spole\u010dnosti a p\u0159edat ji kupuj\u00edc\u00edmu. Kupuj\u00edc\u00ed bere na v\u011bdom\u00ed, \u017ee zm\u011bna vlastnost\u00ed v\u00fdrobku v pr\u016fb\u011bhu z\u00e1ru\u010dn\u00ed doby zp\u016fsoben\u00e9 v d\u016fsledku p\u0159irozen\u00fdch zm\u011bn materi\u00e1lu v\u00fdrobku, opot\u0159eben\u00edm, nespr\u00e1vn\u00fdm u\u017e\u00edv\u00e1n\u00edm, nevhodnou \u010di nedostate\u010dnou \u00fadr\u017ebou, nespr\u00e1vn\u00fdm z\u00e1sahem do v\u00fdrobku kupuj\u00edc\u00edm nebo t\u0159et\u00ed osobou nejsou pova\u017eov\u00e1ny za vady v\u00fdrobku a nejsou tud\u00ed\u017e d\u016fvodem k opr\u00e1vn\u011bn\u00e9 reklamaci v\u00fdrobku.<\/p><\/div>\n\t\t\t\t<\/div>\n\t\t\t\t<\/div>\n\t\t\t\t<div class=\"elementor-element elementor-element-660c2074 elementor-widget elementor-widget-text-editor\" data-id=\"660c2074\" data-element_type=\"widget\" data-settings=\"{&quot;_animation&quot;:&quot;none&quot;,&quot;_animation_delay&quot;:300}\" data-widget_type=\"text-editor.default\">\n\t\t\t\t<div class=\"elementor-widget-container\">\n\t\t\t\t\t<div class=\"elementor-text-editor elementor-clearfix\"><p>Tyto obchodn\u00ed podm\u00ednky nab\u00fdvaj\u00ed \u00fa\u010dinnosti dne 01.02.2021<\/p><\/div>\n\t\t\t\t<\/div>\n\t\t\t\t<\/div>\n\t\t\t\t\t\t<\/div>\n\t\t\t\t\t<\/div>\n\t\t<\/div>\n\t\t\t\t\t\t\t\t<\/div>\n\t\t\t\t\t<\/div>\n\t\t<\/section>\n\t\t\t\t\t\t<\/div>\n\t\t\t\t\t\t<\/div>\n\t\t\t\t\t<\/div>","protected":false},"excerpt":{"rendered":"<p>ZALO\u017dENO V PRAZE 1995 KVALITA PROV\u011a\u0158EN\u00c1 \u010cASEM V\u0161eobecn\u00e9 obchodn\u00ed podm\u00ednky KORONET N\u00ed\u017ee jsou uvedn\u00e9 v\u0161eobecn\u00e9 obchodn\u00ed podm\u00ednky prodeje zbo\u017e\u00ed a poskytov\u00e1n\u00ed slu\u017eeb zna\u010dky KORONET Ve\u0161ker\u00e9 smluvn\u00ed vztahy mezi prod\u00e1vaj\u00edc\u00edm &#8211; spole\u010dnost\u00ed KORONET, (d\u00e1le jen \u201eprod\u00e1vaj\u00edc\u00ed\u201c) a z\u00e1kazn\u00edkem (d\u00e1le jen \u201ekupuj\u00edc\u00ed\u201c) se \u0159\u00edd\u00ed a jsou uzav\u00edr\u00e1ny v souladu s pr\u00e1vn\u00edm \u0159\u00e1dem \u010cesk\u00e9 republiky, zejm\u00e9na z\u00e1konem \u010d. [&hellip;]<\/p>","protected":false},"author":1,"featured_media":0,"parent":0,"menu_order":0,"comment_status":"closed","ping_status":"closed","template":"elementor_header_footer","meta":[],"_links":{"self":[{"href":"https:\/\/koronet.cz\/en\/wp-json\/wp\/v2\/pages\/764"}],"collection":[{"href":"https:\/\/koronet.cz\/en\/wp-json\/wp\/v2\/pages"}],"about":[{"href":"https:\/\/koronet.cz\/en\/wp-json\/wp\/v2\/types\/page"}],"author":[{"embeddable":true,"href":"https:\/\/koronet.cz\/en\/wp-json\/wp\/v2\/users\/1"}],"replies":[{"embeddable":true,"href":"https:\/\/koronet.cz\/en\/wp-json\/wp\/v2\/comments?post=764"}],"version-history":[{"count":4,"href":"https:\/\/koronet.cz\/en\/wp-json\/wp\/v2\/pages\/764\/revisions"}],"predecessor-version":[{"id":768,"href":"https:\/\/koronet.cz\/en\/wp-json\/wp\/v2\/pages\/764\/revisions\/768"}],"wp:attachment":[{"href":"https:\/\/koronet.cz\/en\/wp-json\/wp\/v2\/media?parent=764"}],"curies":[{"name":"wp","href":"https:\/\/api.w.org\/{rel}","templated":true}]}}