{"id":387,"date":"2021-02-05T18:24:16","date_gmt":"2021-02-05T18:24:16","guid":{"rendered":"https:\/\/koronet.cz\/?page_id=387"},"modified":"2025-05-13T13:27:21","modified_gmt":"2025-05-13T13:27:21","slug":"kontakt","status":"publish","type":"page","link":"https:\/\/koronet.cz\/en\/kontakt\/","title":{"rendered":"Contact"},"content":{"rendered":"<div data-elementor-type=\"wp-page\" data-elementor-id=\"387\" class=\"elementor elementor-387\" data-elementor-settings=\"[]\">\n\t\t\t\t\t\t<div class=\"elementor-inner\">\n\t\t\t\t\t\t\t<div class=\"elementor-section-wrap\">\n\t\t\t\t\t\t\t<section class=\"elementor-section elementor-top-section elementor-element elementor-element-168dd088 elementor-section-content-middle elementor-section-height-min-height elementor-section-boxed elementor-section-height-default elementor-section-items-middle\" data-id=\"168dd088\" data-element_type=\"section\" data-settings=\"{&quot;background_background&quot;:&quot;classic&quot;}\">\n\t\t\t\t\t\t\t<div class=\"elementor-background-overlay\"><\/div>\n\t\t\t\t\t\t\t<div class=\"elementor-container elementor-column-gap-extended\">\n\t\t\t\t\t\t\t<div class=\"elementor-row\">\n\t\t\t\t\t<div class=\"elementor-column elementor-col-100 elementor-top-column elementor-element elementor-element-26865174\" data-id=\"26865174\" data-element_type=\"column\">\n\t\t\t<div class=\"elementor-column-wrap elementor-element-populated\">\n\t\t\t\t\t\t\t<div class=\"elementor-widget-wrap\">\n\t\t\t\t\t\t<div class=\"elementor-element elementor-element-2d63a027 animated-slow elementor-widget-divider--view-line elementor-invisible elementor-widget elementor-widget-divider\" data-id=\"2d63a027\" data-element_type=\"widget\" data-settings=\"{&quot;_animation&quot;:&quot;fadeIn&quot;,&quot;_animation_delay&quot;:1200}\" data-widget_type=\"divider.default\">\n\t\t\t\t<div class=\"elementor-widget-container\">\n\t\t\t\t\t<div class=\"elementor-divider\">\n\t\t\t<span class=\"elementor-divider-separator\">\n\t\t\t\t\t\t<\/span>\n\t\t<\/div>\n\t\t\t\t<\/div>\n\t\t\t\t<\/div>\n\t\t\t\t<section class=\"elementor-section elementor-inner-section elementor-element elementor-element-64a82bb6 elementor-section-content-middle animated-slow elementor-section-boxed elementor-section-height-default elementor-section-height-default elementor-invisible\" data-id=\"64a82bb6\" data-element_type=\"section\" data-settings=\"{&quot;animation&quot;:&quot;fadeIn&quot;,&quot;animation_delay&quot;:600}\">\n\t\t\t\t\t\t<div class=\"elementor-container elementor-column-gap-no\">\n\t\t\t\t\t\t\t<div class=\"elementor-row\">\n\t\t\t\t\t<div class=\"elementor-column elementor-col-33 elementor-inner-column elementor-element elementor-element-2c9a9ffb\" data-id=\"2c9a9ffb\" data-element_type=\"column\">\n\t\t\t<div class=\"elementor-column-wrap elementor-element-populated\">\n\t\t\t\t\t\t\t<div class=\"elementor-widget-wrap\">\n\t\t\t\t\t\t<div class=\"elementor-element elementor-element-1c207716 elementor-widget elementor-widget-text-editor\" data-id=\"1c207716\" data-element_type=\"widget\" data-widget_type=\"text-editor.default\">\n\t\t\t\t<div class=\"elementor-widget-container\">\n\t\t\t\t\t<div class=\"elementor-text-editor elementor-clearfix\"><p>FOUNDED IN PRAGUE 1995<\/p><\/div>\n\t\t\t\t<\/div>\n\t\t\t\t<\/div>\n\t\t\t\t\t\t<\/div>\n\t\t\t\t\t<\/div>\n\t\t<\/div>\n\t\t\t\t<div class=\"elementor-column elementor-col-33 elementor-inner-column elementor-element elementor-element-2f0b7964\" data-id=\"2f0b7964\" data-element_type=\"column\">\n\t\t\t<div class=\"elementor-column-wrap elementor-element-populated\">\n\t\t\t\t\t\t\t<div class=\"elementor-widget-wrap\">\n\t\t\t\t\t\t<div class=\"elementor-element elementor-element-3796e989 elementor-widget elementor-widget-image\" data-id=\"3796e989\" data-element_type=\"widget\" data-widget_type=\"image.default\">\n\t\t\t\t<div class=\"elementor-widget-container\">\n\t\t\t\t\t<div class=\"elementor-image\">\n\t\t\t\t\t\t\t\t\t\t<img width=\"554\" height=\"451\" src=\"https:\/\/koronet.cz\/wp-content\/uploads\/2021\/01\/logo-removebg.png\" class=\"attachment-large size-large\" alt=\"\" loading=\"lazy\" srcset=\"https:\/\/koronet.cz\/wp-content\/uploads\/2021\/01\/logo-removebg.png 554w, https:\/\/koronet.cz\/wp-content\/uploads\/2021\/01\/logo-removebg-300x244.png 300w\" sizes=\"(max-width: 554px) 100vw, 554px\" \/>\t\t\t\t\t\t\t\t\t\t\t<\/div>\n\t\t\t\t<\/div>\n\t\t\t\t<\/div>\n\t\t\t\t\t\t<\/div>\n\t\t\t\t\t<\/div>\n\t\t<\/div>\n\t\t\t\t<div class=\"elementor-column elementor-col-33 elementor-inner-column elementor-element elementor-element-5643f120\" data-id=\"5643f120\" data-element_type=\"column\">\n\t\t\t<div class=\"elementor-column-wrap elementor-element-populated\">\n\t\t\t\t\t\t\t<div class=\"elementor-widget-wrap\">\n\t\t\t\t\t\t<div class=\"elementor-element elementor-element-37988705 elementor-widget elementor-widget-text-editor\" data-id=\"37988705\" data-element_type=\"widget\" data-widget_type=\"text-editor.default\">\n\t\t\t\t<div class=\"elementor-widget-container\">\n\t\t\t\t\t<div class=\"elementor-text-editor elementor-clearfix\"><p>QUALITY PROVEN BY TIME<\/p><\/div>\n\t\t\t\t<\/div>\n\t\t\t\t<\/div>\n\t\t\t\t\t\t<\/div>\n\t\t\t\t\t<\/div>\n\t\t<\/div>\n\t\t\t\t\t\t\t\t<\/div>\n\t\t\t\t\t<\/div>\n\t\t<\/section>\n\t\t\t\t<div class=\"elementor-element elementor-element-25f0819c animated-slow elementor-invisible elementor-widget elementor-widget-heading\" data-id=\"25f0819c\" data-element_type=\"widget\" data-settings=\"{&quot;_animation&quot;:&quot;fadeIn&quot;}\" data-widget_type=\"heading.default\">\n\t\t\t\t<div class=\"elementor-widget-container\">\n\t\t\t<h1 class=\"elementor-heading-title elementor-size-default\">Contact<\/h1>\t\t<\/div>\n\t\t\t\t<\/div>\n\t\t\t\t<section class=\"elementor-section elementor-inner-section elementor-element elementor-element-4e502e9 elementor-section-boxed elementor-section-height-default elementor-section-height-default\" data-id=\"4e502e9\" data-element_type=\"section\">\n\t\t\t\t\t\t<div class=\"elementor-container elementor-column-gap-default\">\n\t\t\t\t\t\t\t<div class=\"elementor-row\">\n\t\t\t\t\t<div class=\"elementor-column elementor-col-33 elementor-inner-column elementor-element elementor-element-85d487a\" data-id=\"85d487a\" data-element_type=\"column\">\n\t\t\t<div class=\"elementor-column-wrap elementor-element-populated\">\n\t\t\t\t\t\t\t<div class=\"elementor-widget-wrap\">\n\t\t\t\t\t\t<div class=\"elementor-element elementor-element-29302dc elementor-vertical-align-middle elementor-view-default elementor-position-top elementor-widget elementor-widget-icon-box\" data-id=\"29302dc\" data-element_type=\"widget\" data-widget_type=\"icon-box.default\">\n\t\t\t\t<div class=\"elementor-widget-container\">\n\t\t\t\t\t<div class=\"elementor-icon-box-wrapper\">\n\t\t\t\t\t\t<div class=\"elementor-icon-box-icon\">\n\t\t\t\t<span class=\"elementor-icon elementor-animation-\" >\n\t\t\t\t<svg xmlns=\"http:\/\/www.w3.org\/2000\/svg\" id=\"Capa_1\" height=\"512\" viewbox=\"0 0 512 512\" width=\"512\"><g><g><path d=\"m300.759 390.395v-91.802c0-4.131-3.349-7.48-7.48-7.48s-7.48 3.349-7.48 7.48v91.802c0 4.131 3.349 7.48 7.48 7.48s7.48-3.349 7.48-7.48z\"><\/path><path d=\"m502.133 99.761h-18.027v-33.253c0-5.056-4.114-9.169-9.17-9.169h-35.08v-44.872c0-6.874-5.593-12.467-12.467-12.467h-342.778c-6.874 0-12.467 5.593-12.467 12.467v44.871h-32.342c-5.056 0-9.169 4.113-9.169 9.169v33.254h-20.766c-5.261 0-9.54 4.28-9.54 9.54v29.257c0 5.26 4.28 9.54 9.54 9.54h3.386v356.42c0 4.131 3.349 7.48 7.48 7.48h470.534c4.132 0 7.48-3.349 7.48-7.48v-114.123c0-4.131-3.349-7.48-7.48-7.48-4.132 0-7.48 3.349-7.48 7.48v106.645h-21.727v-63.557-177.977-67.196c0-6.243-5.079-11.322-11.322-11.322h-128.545-71.234c-4.132 0-7.48 3.349-7.48 7.48s3.349 7.48 7.48 7.48h63.754v305.091h-117.426v-305.09h18.909c4.132 0 7.48-3.349 7.48-7.48s-3.349-7.48-7.48-7.48h-26.389-128.545c-6.243 0-11.322 5.079-11.322 11.322v308.729h-21.727v-348.94h455.573v207.377c0 4.131 3.349 7.48 7.48 7.48 4.132 0 7.48-3.349 7.48-7.48v-207.378h3.386c5.261 0 9.54-4.28 9.54-9.54v-29.257c.001-5.261-4.278-9.541-9.539-9.541zm-172.46 92.188h117.426v56.077h-117.426zm0 71.037h117.426v163.016h-117.426zm0 177.977h117.426v56.077h-117.426zm-264.772-249.014h117.426v56.077h-117.426zm0 71.037h117.426v163.016h-117.426zm0 177.977h117.426v56.077h-117.426zm374.955-368.664h29.29v27.462h-29.29zm-352.751-57.338h337.79v84.801h-337.79zm-41.512 57.338h26.551v27.462h-26.551zm451.12 60.84h-481.426v-18.417h481.425v18.417z\"><\/path><\/g><\/g><\/svg>\t\t\t\t<\/span>\n\t\t\t<\/div>\n\t\t\t\t\t\t<div class=\"elementor-icon-box-content\">\n\t\t\t\t<h3 class=\"elementor-icon-box-title\">\n\t\t\t\t\t<span >KORONET<\/span>\n\t\t\t\t<\/h3>\n\t\t\t\t\t\t\t\t<p class=\"elementor-icon-box-description\">POP Airport<br>\nKe Kopanin\u011b 421, <br>\n 252 67 Tuchom\u011b\u0159ice<\/p>\n\t\t\t\t\t\t\t<\/div>\n\t\t<\/div>\n\t\t\t\t<\/div>\n\t\t\t\t<\/div>\n\t\t\t\t\t\t<\/div>\n\t\t\t\t\t<\/div>\n\t\t<\/div>\n\t\t\t\t<div class=\"elementor-column elementor-col-33 elementor-inner-column elementor-element elementor-element-025d675\" data-id=\"025d675\" data-element_type=\"column\">\n\t\t\t<div class=\"elementor-column-wrap\">\n\t\t\t\t\t\t\t<div class=\"elementor-widget-wrap\">\n\t\t\t\t\t\t\t\t<\/div>\n\t\t\t\t\t<\/div>\n\t\t<\/div>\n\t\t\t\t<div class=\"elementor-column elementor-col-33 elementor-inner-column elementor-element elementor-element-b672a41\" data-id=\"b672a41\" data-element_type=\"column\">\n\t\t\t<div class=\"elementor-column-wrap elementor-element-populated\">\n\t\t\t\t\t\t\t<div class=\"elementor-widget-wrap\">\n\t\t\t\t\t\t<div class=\"elementor-element elementor-element-d92b6cb elementor-vertical-align-middle elementor-view-default elementor-position-top elementor-widget elementor-widget-icon-box\" data-id=\"d92b6cb\" data-element_type=\"widget\" data-widget_type=\"icon-box.default\">\n\t\t\t\t<div class=\"elementor-widget-container\">\n\t\t\t\t\t<div class=\"elementor-icon-box-wrapper\">\n\t\t\t\t\t\t<div class=\"elementor-icon-box-icon\">\n\t\t\t\t<span class=\"elementor-icon elementor-animation-\" >\n\t\t\t\t<svg xmlns=\"http:\/\/www.w3.org\/2000\/svg\" xmlns:xlink=\"http:\/\/www.w3.org\/1999\/xlink\" id=\"Capa_1\" x=\"0px\" y=\"0px\" viewbox=\"0 0 511.874 511.874\" style=\"enable-background:new 0 0 511.874 511.874;\" xml:space=\"preserve\">\n<g>\n\t<g>\n\t\t<g>\n\t\t\t<path d=\"M490.114,12.813H132.568c-12.012,0.014-21.746,9.748-21.76,21.76v98.62l-16.35-24.525     c-7.484-11.289-22.535-14.676-34.133-7.68l-33.638,20.224c-11.016,6.464-19.097,16.946-22.545,29.244     c-12.271,44.681-3.166,121.66,109.824,234.667C203.821,474.885,270.816,499.06,316.99,499.06     c10.69,0.049,21.339-1.34,31.659-4.13c12.293-3.448,22.775-11.518,29.252-22.519l20.198-33.673     c6.968-11.589,3.584-26.609-7.68-34.091l-80.546-53.692c-11.049-7.308-25.859-4.905-34.031,5.521l-23.45,30.148     c-2.451,3.226-6.897,4.166-10.445,2.21l-4.463-2.458c-14.686-8.004-32.964-17.971-69.879-54.886     c-3.994-3.994-7.612-7.731-11.008-11.307h333.517c11.982,0.009,21.713-9.676,21.76-21.658V34.573     C511.86,22.561,502.126,12.827,490.114,12.813z M229.318,401.362l4.335,2.381c10.897,6.093,24.614,3.266,32.213-6.639     l23.45-30.148c2.666-3.396,7.49-4.179,11.093-1.801l80.546,53.692c3.659,2.439,4.759,7.321,2.5,11.093l-20.198,33.673     c-4.218,7.233-11.071,12.553-19.123,14.848c-40.337,11.093-110.933,1.707-218.078-105.446S9.56,195.273,20.627,154.97     c2.293-8.051,7.61-14.903,14.839-19.123l33.673-20.207c3.773-2.254,8.652-1.155,11.093,2.5l53.717,80.546     c2.382,3.602,1.599,8.43-1.801,11.093l-30.157,23.458c-9.903,7.597-12.731,21.311-6.639,32.205l2.389,4.335     c8.533,15.65,19.14,35.123,57.805,73.779C194.212,382.213,213.677,392.828,229.318,401.362z M494.808,298.526     c-0.028,2.567-2.127,4.627-4.693,4.608H141.203c-11.083-12.674-20.64-26.604-28.476-41.506l-2.458-4.48     c-1.96-3.54-1.022-7.982,2.202-10.428l30.157-23.458c10.43-8.17,12.833-22.982,5.521-34.031l-20.275-30.43V34.573     c-0.014-1.249,0.476-2.451,1.359-3.334c0.883-0.883,2.085-1.373,3.334-1.359h357.547c1.249-0.014,2.451,0.476,3.334,1.359     c0.883,0.883,1.373,2.085,1.359,3.334V298.526z\"><\/path>\n\t\t\t<path d=\"M460.725,52.323l-142.618,108.16c-4.035,2.932-9.499,2.932-13.534,0L162.008,52.323     c-3.756-2.849-9.111-2.113-11.959,1.643c-2.849,3.756-2.113,9.111,1.643,11.959l142.583,108.151     c10.144,7.494,23.989,7.494,34.133,0L471.034,65.925c1.805-1.368,2.992-3.398,3.299-5.642c0.307-2.244-0.29-4.518-1.661-6.321     C469.824,50.213,464.478,49.48,460.725,52.323z\"><\/path>\n\t\t\t<path d=\"M238.517,174.793l-87.415,93.611c-3.214,3.447-3.025,8.848,0.422,12.062c3.447,3.214,8.848,3.025,12.062-0.422     l87.416-93.653c2.888-3.484,2.553-8.617-0.762-11.698C246.924,171.612,241.78,171.656,238.517,174.793z\"><\/path>\n\t\t\t<path d=\"M384.728,174.793c-3.214-3.447-8.614-3.637-12.062-0.422c-3.447,3.214-3.637,8.614-0.422,12.062l87.39,93.611     c3.214,3.447,8.614,3.637,12.062,0.422c3.447-3.214,3.637-8.614,0.422-12.062L384.728,174.793z\"><\/path>\n\t\t<\/g>\n\t<\/g>\n<\/g>\n<g>\n<\/g>\n<g>\n<\/g>\n<g>\n<\/g>\n<g>\n<\/g>\n<g>\n<\/g>\n<g>\n<\/g>\n<g>\n<\/g>\n<g>\n<\/g>\n<g>\n<\/g>\n<g>\n<\/g>\n<g>\n<\/g>\n<g>\n<\/g>\n<g>\n<\/g>\n<g>\n<\/g>\n<g>\n<\/g>\n<\/svg>\t\t\t\t<\/span>\n\t\t\t<\/div>\n\t\t\t\t\t\t<div class=\"elementor-icon-box-content\">\n\t\t\t\t<h3 class=\"elementor-icon-box-title\">\n\t\t\t\t\t<span >Our contacts<\/span>\n\t\t\t\t<\/h3>\n\t\t\t\t\t\t\t\t<p class=\"elementor-icon-box-description\">Tel.: +420 774 836 350<br>\nE-mail: info@koronet.cz<br>\nevery day from 9:00 to 21:00\n<\/p>\n\t\t\t\t\t\t\t<\/div>\n\t\t<\/div>\n\t\t\t\t<\/div>\n\t\t\t\t<\/div>\n\t\t\t\t\t\t<\/div>\n\t\t\t\t\t<\/div>\n\t\t<\/div>\n\t\t\t\t\t\t\t\t<\/div>\n\t\t\t\t\t<\/div>\n\t\t<\/section>\n\t\t\t\t\t\t<\/div>\n\t\t\t\t\t<\/div>\n\t\t<\/div>\n\t\t\t\t\t\t\t\t<\/div>\n\t\t\t\t\t<\/div>\n\t\t<\/section>\n\t\t\t\t\t\t<\/div>\n\t\t\t\t\t\t<\/div>\n\t\t\t\t\t<\/div>","protected":false},"excerpt":{"rendered":"<p>ZALO\u017dENO V PRAZE 1995 KVALITA PROV\u011a\u0158EN\u00c1 \u010cASEM Kontakt KORONET POP Airport Ke Kopanin\u011b 421, 252 67 Tuchom\u011b\u0159ice Na\u0161e kontakty Tel.: +420 774 836 350 E-mail: info@koronet.cz ka\u017ed\u00fd den od 9:00 do 21:00<\/p>","protected":false},"author":1,"featured_media":0,"parent":0,"menu_order":0,"comment_status":"closed","ping_status":"closed","template":"elementor_header_footer","meta":[],"_links":{"self":[{"href":"https:\/\/koronet.cz\/en\/wp-json\/wp\/v2\/pages\/387"}],"collection":[{"href":"https:\/\/koronet.cz\/en\/wp-json\/wp\/v2\/pages"}],"about":[{"href":"https:\/\/koronet.cz\/en\/wp-json\/wp\/v2\/types\/page"}],"author":[{"embeddable":true,"href":"https:\/\/koronet.cz\/en\/wp-json\/wp\/v2\/users\/1"}],"replies":[{"embeddable":true,"href":"https:\/\/koronet.cz\/en\/wp-json\/wp\/v2\/comments?post=387"}],"version-history":[{"count":28,"href":"https:\/\/koronet.cz\/en\/wp-json\/wp\/v2\/pages\/387\/revisions"}],"predecessor-version":[{"id":805,"href":"https:\/\/koronet.cz\/en\/wp-json\/wp\/v2\/pages\/387\/revisions\/805"}],"wp:attachment":[{"href":"https:\/\/koronet.cz\/en\/wp-json\/wp\/v2\/media?parent=387"}],"curies":[{"name":"wp","href":"https:\/\/api.w.org\/{rel}","templated":true}]}}